{"id":473,"date":"2015-11-13T12:54:02","date_gmt":"2015-11-13T12:54:02","guid":{"rendered":"https:\/\/xml-io.proteusthemes.com\/structurepress\/?page_id=473"},"modified":"2022-06-03T19:40:50","modified_gmt":"2022-06-03T19:40:50","slug":"renovations-interieures","status":"publish","type":"page","link":"https:\/\/ameaconstruction.com\/?page_id=473","title":{"rendered":"R\u00e9novations \u0130nt\u00e9rieures"},"content":{"rendered":"<div id=\"pl-473\"  class=\"panel-layout\" ><div id=\"pg-473-0\"  class=\"panel-grid panel-no-style\" ><div id=\"pgc-473-0-0\"  class=\"panel-grid-cell\" ><div id=\"panel-473-0-0-0\" class=\"so-panel widget widget_sow-editor panel-first-child panel-last-child\" data-index=\"0\" ><div class=\"so-widget-sow-editor so-widget-sow-editor-base\">\n<div class=\"siteorigin-widget-tinymce textwidget\">\n\t<h4>Construction<\/h4>\n<p>With a reputation built on offering superior service, experienced team and high quality materials that we use, StructurePress is one of the most sought after general contractors in the country today. Commercially licensed, insured and bonded, StrusturePress is a general contractor that is involved in a wide array of commercial and residential projects within our markets across the United.<\/p>\n<h4>Business With You<\/h4>\n<p>Our team ensures good relationships with subcontractors and other partners and work hard to maintain cooperation and mutual respect on all projects so that they are on schedule.At StructurePress, we fully understand the need of coordination of job sites.<\/p>\n<\/div>\n<\/div><\/div><\/div><div id=\"pgc-473-0-1\"  class=\"panel-grid-cell\" ><div id=\"panel-473-0-1-0\" class=\"so-panel widget widget_sow-editor panel-first-child panel-last-child\" data-index=\"1\" ><div class=\"so-widget-sow-editor so-widget-sow-editor-base\">\n<div class=\"siteorigin-widget-tinymce textwidget\">\n\t<p><img loading=\"lazy\" decoding=\"async\" class=\"alignnone  wp-image-1576\" src=\"https:\/\/ameaconstruction.com\/wp-content\/uploads\/2022\/06\/ic-tadilat-1-300x150.jpg\" alt=\"\" width=\"840\" height=\"420\" srcset=\"https:\/\/ameaconstruction.com\/wp-content\/uploads\/2022\/06\/ic-tadilat-1-300x150.jpg 300w, https:\/\/ameaconstruction.com\/wp-content\/uploads\/2022\/06\/ic-tadilat-1-768x384.jpg 768w, https:\/\/ameaconstruction.com\/wp-content\/uploads\/2022\/06\/ic-tadilat-1-540x270.jpg 540w, https:\/\/ameaconstruction.com\/wp-content\/uploads\/2022\/06\/ic-tadilat-1-600x300.jpg 600w, https:\/\/ameaconstruction.com\/wp-content\/uploads\/2022\/06\/ic-tadilat-1.jpg 840w\" sizes=\"auto, (max-width: 840px) 100vw, 840px\" \/><img loading=\"lazy\" decoding=\"async\" class=\"alignnone  wp-image-1575\" src=\"https:\/\/ameaconstruction.com\/wp-content\/uploads\/2022\/06\/ic-tadilat-2-300x150.jpg\" alt=\"\" width=\"840\" height=\"420\" srcset=\"https:\/\/ameaconstruction.com\/wp-content\/uploads\/2022\/06\/ic-tadilat-2-300x150.jpg 300w, https:\/\/ameaconstruction.com\/wp-content\/uploads\/2022\/06\/ic-tadilat-2-768x384.jpg 768w, https:\/\/ameaconstruction.com\/wp-content\/uploads\/2022\/06\/ic-tadilat-2-540x270.jpg 540w, https:\/\/ameaconstruction.com\/wp-content\/uploads\/2022\/06\/ic-tadilat-2-600x300.jpg 600w, https:\/\/ameaconstruction.com\/wp-content\/uploads\/2022\/06\/ic-tadilat-2.jpg 840w\" sizes=\"auto, (max-width: 840px) 100vw, 840px\" \/><\/p>\n<\/div>\n<\/div><\/div><\/div><\/div><\/div>","protected":false},"excerpt":{"rendered":"<p>Construction With a reputation built on offering superior service, experienced team and high quality materials that we use, StructurePress is one of the most sought after general contractors in the country today. Commercially licensed, insured and bonded, StrusturePress is a general contractor that is involved in a wide array of commercial and residential projects within &hellip;<\/p>\n","protected":false},"author":1,"featured_media":1427,"parent":43,"menu_order":0,"comment_status":"closed","ping_status":"closed","template":"","meta":{"footnotes":""},"class_list":["post-473","page","type-page","status-publish","has-post-thumbnail","hentry"],"acf":[],"_links":{"self":[{"href":"https:\/\/ameaconstruction.com\/index.php?rest_route=\/wp\/v2\/pages\/473","targetHints":{"allow":["GET"]}}],"collection":[{"href":"https:\/\/ameaconstruction.com\/index.php?rest_route=\/wp\/v2\/pages"}],"about":[{"href":"https:\/\/ameaconstruction.com\/index.php?rest_route=\/wp\/v2\/types\/page"}],"author":[{"embeddable":true,"href":"https:\/\/ameaconstruction.com\/index.php?rest_route=\/wp\/v2\/users\/1"}],"replies":[{"embeddable":true,"href":"https:\/\/ameaconstruction.com\/index.php?rest_route=%2Fwp%2Fv2%2Fcomments&post=473"}],"version-history":[{"count":18,"href":"https:\/\/ameaconstruction.com\/index.php?rest_route=\/wp\/v2\/pages\/473\/revisions"}],"predecessor-version":[{"id":1578,"href":"https:\/\/ameaconstruction.com\/index.php?rest_route=\/wp\/v2\/pages\/473\/revisions\/1578"}],"up":[{"embeddable":true,"href":"https:\/\/ameaconstruction.com\/index.php?rest_route=\/wp\/v2\/pages\/43"}],"wp:featuredmedia":[{"embeddable":true,"href":"https:\/\/ameaconstruction.com\/index.php?rest_route=\/wp\/v2\/media\/1427"}],"wp:attachment":[{"href":"https:\/\/ameaconstruction.com\/index.php?rest_route=%2Fwp%2Fv2%2Fmedia&parent=473"}],"curies":[{"name":"wp","href":"https:\/\/api.w.org\/{rel}","templated":true}]}}