{"id":43,"date":"2015-10-22T05:52:08","date_gmt":"2015-10-22T05:52:08","guid":{"rendered":"https:\/\/xml-io.proteusthemes.com\/structurepress\/?page_id=43"},"modified":"2022-06-02T19:12:30","modified_gmt":"2022-06-02T19:12:30","slug":"notre-service","status":"publish","type":"page","link":"https:\/\/ameaconstruction.com\/?page_id=43","title":{"rendered":"Nos Services"},"content":{"rendered":"<div id=\"pl-43\"  class=\"panel-layout\" ><div id=\"pg-43-0\"  class=\"panel-grid panel-no-style\" ><div id=\"pgc-43-0-0\"  class=\"panel-grid-cell\" ><div id=\"panel-43-0-0-0\" class=\"so-panel widget widget_pw_featured_page widget-featured-page panel-first-child panel-last-child\" data-index=\"0\" >\n\t<div class=\"page-box  page-box--block\">\n\t\t\t\t\t<a class=\"page-box__picture\" href=\"https:\/\/ameaconstruction.com\/?page_id=482\">\n\t\t\t\t<img loading=\"lazy\" decoding=\"async\" src=\"https:\/\/ameaconstruction.com\/wp-content\/uploads\/2022\/05\/danisman-360x240.jpg\" width=\"360\" height=\"240\" srcset=\"https:\/\/ameaconstruction.com\/wp-content\/uploads\/2022\/05\/danisman-360x240.jpg 360w, https:\/\/ameaconstruction.com\/wp-content\/uploads\/2022\/05\/danisman.jpg 840w\" sizes=\"auto, (min-width: 1200px) 350px, (min-width: 992px) 284px, (min-width: 768px) 692px, calc(100vw - 30px)\" class=\"wp-post-image\" alt=\"Conseiller De Batiment\">\n\t\t\t<\/a>\n\t\t\t\t<div class=\"page-box__content\">\n\t\t\t<h4 class=\"page-box__title\"><a href=\"https:\/\/ameaconstruction.com\/?page_id=482\">Conseiller De Batiment<\/a><\/h4>\n\t\t\t<p class=\"page-box__text\">CONSEIL DE TRAVOUX\nWhether you know exactly how you want your new home to be or just looking for new ideas to build your new house, offers priceless resources to help bring those ideas to life in a seamless &hellip;<\/p>\n\t\t\t\t\t\t\t<a href=\"https:\/\/ameaconstruction.com\/?page_id=482\" class=\"page-box__more-link\">LIRE LA SUITE<\/a>\n\t\t\t\t\t<\/div>\n\t<\/div>\n\n<\/div><\/div><div id=\"pgc-43-0-1\"  class=\"panel-grid-cell\" ><div id=\"panel-43-0-1-0\" class=\"so-panel widget widget_pw_featured_page widget-featured-page panel-first-child panel-last-child\" data-index=\"1\" >\n\t<div class=\"page-box  page-box--block\">\n\t\t\t\t\t<a class=\"page-box__picture\" href=\"https:\/\/ameaconstruction.com\/?page_id=479\">\n\t\t\t\t<img loading=\"lazy\" decoding=\"async\" src=\"https:\/\/ameaconstruction.com\/wp-content\/uploads\/2022\/05\/Tek-katli-betonarme-ev-projesi11-360x240.jpg\" width=\"360\" height=\"240\" srcset=\"https:\/\/ameaconstruction.com\/wp-content\/uploads\/2022\/05\/Tek-katli-betonarme-ev-projesi11-360x240.jpg 360w, https:\/\/ameaconstruction.com\/wp-content\/uploads\/2022\/05\/Tek-katli-betonarme-ev-projesi11.jpg 1280w\" sizes=\"auto, (min-width: 1200px) 350px, (min-width: 992px) 284px, (min-width: 768px) 692px, calc(100vw - 30px)\" class=\"wp-post-image\" alt=\"Maison Priv\u00e9e\">\n\t\t\t<\/a>\n\t\t\t\t<div class=\"page-box__content\">\n\t\t\t<h4 class=\"page-box__title\"><a href=\"https:\/\/ameaconstruction.com\/?page_id=479\">Maison Priv\u00e9e<\/a><\/h4>\n\t\t\t<p class=\"page-box__text\">By choosing to build  green, you aremaking an effort to reduce the burden on the environment and also add value to your home. StrusturePress provides you with the guidance and the tools that are necessary &hellip;<\/p>\n\t\t\t\t\t\t\t<a href=\"https:\/\/ameaconstruction.com\/?page_id=479\" class=\"page-box__more-link\">LIRE LA SUITE<\/a>\n\t\t\t\t\t<\/div>\n\t<\/div>\n\n<\/div><\/div><div id=\"pgc-43-0-2\"  class=\"panel-grid-cell\" ><div id=\"panel-43-0-2-0\" class=\"so-panel widget widget_pw_featured_page widget-featured-page panel-first-child panel-last-child\" data-index=\"2\" >\n\t<div class=\"page-box  page-box--block\">\n\t\t\t\t\t<a class=\"page-box__picture\" href=\"https:\/\/ameaconstruction.com\/?page_id=1317\">\n\t\t\t\t<img loading=\"lazy\" decoding=\"async\" src=\"https:\/\/ameaconstruction.com\/wp-content\/uploads\/2022\/05\/endustriyelyapim-360x240.jpg\" width=\"360\" height=\"240\" srcset=\"https:\/\/ameaconstruction.com\/wp-content\/uploads\/2022\/05\/endustriyelyapim-360x240.jpg 360w, https:\/\/ameaconstruction.com\/wp-content\/uploads\/2022\/05\/endustriyelyapim.jpg 840w\" sizes=\"auto, (min-width: 1200px) 350px, (min-width: 992px) 284px, (min-width: 768px) 692px, calc(100vw - 30px)\" class=\"wp-post-image\" alt=\"Construction \u0130ndustrielle\">\n\t\t\t<\/a>\n\t\t\t\t<div class=\"page-box__content\">\n\t\t\t<h4 class=\"page-box__title\"><a href=\"https:\/\/ameaconstruction.com\/?page_id=1317\">Construction \u0130ndustrielle<\/a><\/h4>\n\t\t\t<p class=\"page-box__text\">Laminate flooring is a more affordable option in place of hardwood flooring that can cost almost ten times the cost of laminate flooring. Laminate flooring is light, durable and can be made to resemble &hellip;<\/p>\n\t\t\t\t\t\t\t<a href=\"https:\/\/ameaconstruction.com\/?page_id=1317\" class=\"page-box__more-link\">LIRE LA SUITE<\/a>\n\t\t\t\t\t<\/div>\n\t<\/div>\n\n<\/div><\/div><\/div><div id=\"pg-43-1\"  class=\"panel-grid panel-no-style\" ><div id=\"pgc-43-1-0\"  class=\"panel-grid-cell\" ><div id=\"panel-43-1-0-0\" class=\"so-panel widget widget_pw_featured_page widget-featured-page panel-first-child panel-last-child\" data-index=\"3\" >\n\t<div class=\"page-box  page-box--block\">\n\t\t\t\t\t<a class=\"page-box__picture\" href=\"https:\/\/ameaconstruction.com\/?page_id=475\">\n\t\t\t\t<img loading=\"lazy\" decoding=\"async\" src=\"https:\/\/ameaconstruction.com\/wp-content\/uploads\/2022\/05\/dis-cephe-360x240.jpg\" width=\"360\" height=\"240\" srcset=\"https:\/\/ameaconstruction.com\/wp-content\/uploads\/2022\/05\/dis-cephe-360x240.jpg 360w, https:\/\/ameaconstruction.com\/wp-content\/uploads\/2022\/05\/dis-cephe.jpg 840w\" sizes=\"auto, (min-width: 1200px) 350px, (min-width: 992px) 284px, (min-width: 768px) 692px, calc(100vw - 30px)\" class=\"wp-post-image\" alt=\"R\u00e9novations Des Fa\u00e7ades\">\n\t\t\t<\/a>\n\t\t\t\t<div class=\"page-box__content\">\n\t\t\t<h4 class=\"page-box__title\"><a href=\"https:\/\/ameaconstruction.com\/?page_id=475\">R\u00e9novations Des Fa\u00e7ades<\/a><\/h4>\n\t\t\t<p class=\"page-box__text\">InteriorThere are a number of great reasons to makeover your home. In today\u2019s modern world, there is a need to focus on energy efficiency to reduce cost. Many homeowners are also tired of the way their &hellip;<\/p>\n\t\t\t\t\t\t\t<a href=\"https:\/\/ameaconstruction.com\/?page_id=475\" class=\"page-box__more-link\">LIRE LA SUITE<\/a>\n\t\t\t\t\t<\/div>\n\t<\/div>\n\n<\/div><\/div><div id=\"pgc-43-1-1\"  class=\"panel-grid-cell\" ><div id=\"panel-43-1-1-0\" class=\"so-panel widget widget_pw_featured_page widget-featured-page panel-first-child panel-last-child\" data-index=\"4\" >\n\t<div class=\"page-box  page-box--block\">\n\t\t\t\t\t<a class=\"page-box__picture\" href=\"https:\/\/ameaconstruction.com\/?page_id=473\">\n\t\t\t\t<img loading=\"lazy\" decoding=\"async\" src=\"https:\/\/ameaconstruction.com\/wp-content\/uploads\/2022\/05\/ictamirat-360x240.jpg\" width=\"360\" height=\"240\" srcset=\"https:\/\/ameaconstruction.com\/wp-content\/uploads\/2022\/05\/ictamirat-360x240.jpg 360w, https:\/\/ameaconstruction.com\/wp-content\/uploads\/2022\/05\/ictamirat.jpg 840w\" sizes=\"auto, (min-width: 1200px) 350px, (min-width: 992px) 284px, (min-width: 768px) 692px, calc(100vw - 30px)\" class=\"wp-post-image\" alt=\"R\u00e9novations \u0130nt\u00e9rieures\">\n\t\t\t<\/a>\n\t\t\t\t<div class=\"page-box__content\">\n\t\t\t<h4 class=\"page-box__title\"><a href=\"https:\/\/ameaconstruction.com\/?page_id=473\">R\u00e9novations \u0130nt\u00e9rieures<\/a><\/h4>\n\t\t\t<p class=\"page-box__text\">Construction\nWith a reputation built on offering superior service, experienced team and high quality materials that we use, StructurePress is one of the most sought after general contractors in the country &hellip;<\/p>\n\t\t\t\t\t\t\t<a href=\"https:\/\/ameaconstruction.com\/?page_id=473\" class=\"page-box__more-link\">LIRE LA SUITE<\/a>\n\t\t\t\t\t<\/div>\n\t<\/div>\n\n<\/div><\/div><div id=\"pgc-43-1-2\"  class=\"panel-grid-cell\" ><div id=\"panel-43-1-2-0\" class=\"so-panel widget widget_pw_featured_page widget-featured-page panel-first-child panel-last-child\" data-index=\"5\" >\n\t<div class=\"page-box  page-box--block\">\n\t\t\t\t\t<a class=\"page-box__picture\" href=\"https:\/\/ameaconstruction.com\/?page_id=484\">\n\t\t\t\t<img loading=\"lazy\" decoding=\"async\" src=\"https:\/\/ameaconstruction.com\/wp-content\/uploads\/2022\/05\/cati-360x240.jpg\" width=\"360\" height=\"240\" srcset=\"https:\/\/ameaconstruction.com\/wp-content\/uploads\/2022\/05\/cati-360x240.jpg 360w, https:\/\/ameaconstruction.com\/wp-content\/uploads\/2022\/05\/cati.jpg 840w\" sizes=\"auto, (min-width: 1200px) 350px, (min-width: 992px) 284px, (min-width: 768px) 692px, calc(100vw - 30px)\" class=\"wp-post-image\" alt=\"R\u00e9novation De Toiture\">\n\t\t\t<\/a>\n\t\t\t\t<div class=\"page-box__content\">\n\t\t\t<h4 class=\"page-box__title\"><a href=\"https:\/\/ameaconstruction.com\/?page_id=484\">R\u00e9novation De Toiture<\/a><\/h4>\n\t\t\t<p class=\"page-box__text\">StructurePress\u00a0offer you the best in metal roofing services, supplies and materials to help protect one of your biggest investments you will ever make, your home. There is no better way to protect your &hellip;<\/p>\n\t\t\t\t\t\t\t<a href=\"https:\/\/ameaconstruction.com\/?page_id=484\" class=\"page-box__more-link\">LIRE LA SUITE<\/a>\n\t\t\t\t\t<\/div>\n\t<\/div>\n\n<\/div><\/div><\/div><\/div>","protected":false},"excerpt":{"rendered":"<p>Conseiller De Batiment CONSEIL DE TRAVOUX Whether you know exactly how you want your new home to be or just looking for new ideas to build your new house, offers priceless resources to help bring those ideas to life in a seamless &hellip; LIRE LA SUITE Maison Priv\u00e9e By choosing to build green, you aremaking &hellip;<\/p>\n","protected":false},"author":1,"featured_media":0,"parent":269,"menu_order":0,"comment_status":"closed","ping_status":"closed","template":"","meta":{"footnotes":""},"class_list":["post-43","page","type-page","status-publish","hentry"],"acf":[],"_links":{"self":[{"href":"https:\/\/ameaconstruction.com\/index.php?rest_route=\/wp\/v2\/pages\/43","targetHints":{"allow":["GET"]}}],"collection":[{"href":"https:\/\/ameaconstruction.com\/index.php?rest_route=\/wp\/v2\/pages"}],"about":[{"href":"https:\/\/ameaconstruction.com\/index.php?rest_route=\/wp\/v2\/types\/page"}],"author":[{"embeddable":true,"href":"https:\/\/ameaconstruction.com\/index.php?rest_route=\/wp\/v2\/users\/1"}],"replies":[{"embeddable":true,"href":"https:\/\/ameaconstruction.com\/index.php?rest_route=%2Fwp%2Fv2%2Fcomments&post=43"}],"version-history":[{"count":32,"href":"https:\/\/ameaconstruction.com\/index.php?rest_route=\/wp\/v2\/pages\/43\/revisions"}],"predecessor-version":[{"id":1545,"href":"https:\/\/ameaconstruction.com\/index.php?rest_route=\/wp\/v2\/pages\/43\/revisions\/1545"}],"up":[{"embeddable":true,"href":"https:\/\/ameaconstruction.com\/index.php?rest_route=\/wp\/v2\/pages\/269"}],"wp:attachment":[{"href":"https:\/\/ameaconstruction.com\/index.php?rest_route=%2Fwp%2Fv2%2Fmedia&parent=43"}],"curies":[{"name":"wp","href":"https:\/\/api.w.org\/{rel}","templated":true}]}}