{"id":36,"date":"2015-10-22T05:45:07","date_gmt":"2015-10-22T05:45:07","guid":{"rendered":"https:\/\/xml-io.proteusthemes.com\/structurepress\/?page_id=36"},"modified":"2022-06-04T19:41:18","modified_gmt":"2022-06-04T19:41:18","slug":"about","status":"publish","type":"page","link":"https:\/\/ameaconstruction.com\/?page_id=36","title":{"rendered":"About"},"content":{"rendered":"<div id=\"pl-36\"  class=\"panel-layout\" ><div id=\"pg-36-0\"  class=\"panel-grid panel-has-style\" ><div class=\"siteorigin-panels-stretch panel-row-style panel-row-style-for-36-0\" data-stretch-type=\"full\" ><div id=\"pgc-36-0-0\"  class=\"panel-grid-cell\" ><div id=\"panel-36-0-0-0\" class=\"so-panel widget widget_sow-editor panel-first-child panel-last-child\" data-index=\"0\" ><div class=\"so-widget-sow-editor so-widget-sow-editor-base\">\n<div class=\"siteorigin-widget-tinymce textwidget\">\n\t<h4>NOTRE M\u0130SS\u0130ON<\/h4>\n<h4><img loading=\"lazy\" decoding=\"async\" class=\"alignnone wp-image-1589\" src=\"https:\/\/ameaconstruction.com\/wp-content\/uploads\/2022\/06\/misyon-1-300x150.jpg\" alt=\"\" width=\"840\" height=\"420\" srcset=\"https:\/\/ameaconstruction.com\/wp-content\/uploads\/2022\/06\/misyon-1-300x150.jpg 300w, https:\/\/ameaconstruction.com\/wp-content\/uploads\/2022\/06\/misyon-1-768x384.jpg 768w, https:\/\/ameaconstruction.com\/wp-content\/uploads\/2022\/06\/misyon-1-540x270.jpg 540w, https:\/\/ameaconstruction.com\/wp-content\/uploads\/2022\/06\/misyon-1-600x300.jpg 600w, https:\/\/ameaconstruction.com\/wp-content\/uploads\/2022\/06\/misyon-1.jpg 840w\" sizes=\"auto, (max-width: 840px) 100vw, 840px\" \/><\/h4>\n<p style=\"text-align: left; font-size: 14px;\">En <span class=\"Y2IQFc\" lang=\"fr\">construisant des maisons de haute qualit\u00e9 avec les caract\u00e9ristiques requises aujourd'hui, nous r\u00e9pondons aux attentes de nos clients au plus haut niveau et construisons les maisons de leurs r\u00eaves.<\/span><\/p>\n<\/div>\n<\/div><\/div><\/div><div id=\"pgc-36-0-1\"  class=\"panel-grid-cell\" ><div id=\"panel-36-0-1-0\" class=\"so-panel widget widget_sow-editor panel-first-child panel-last-child\" data-index=\"1\" ><div class=\"so-widget-sow-editor so-widget-sow-editor-base\">\n<div class=\"siteorigin-widget-tinymce textwidget\">\n\t<h4>NOTRE V\u0130S\u0130ON<\/h4>\n<h4><img loading=\"lazy\" decoding=\"async\" class=\"alignnone wp-image-1588\" src=\"https:\/\/ameaconstruction.com\/wp-content\/uploads\/2022\/06\/vizyon-1-300x150.jpg\" alt=\"\" width=\"840\" height=\"420\" srcset=\"https:\/\/ameaconstruction.com\/wp-content\/uploads\/2022\/06\/vizyon-1-300x150.jpg 300w, https:\/\/ameaconstruction.com\/wp-content\/uploads\/2022\/06\/vizyon-1-768x384.jpg 768w, https:\/\/ameaconstruction.com\/wp-content\/uploads\/2022\/06\/vizyon-1-540x270.jpg 540w, https:\/\/ameaconstruction.com\/wp-content\/uploads\/2022\/06\/vizyon-1-600x300.jpg 600w, https:\/\/ameaconstruction.com\/wp-content\/uploads\/2022\/06\/vizyon-1.jpg 840w\" sizes=\"auto, (max-width: 840px) 100vw, 840px\" \/><\/h4>\n<p style=\"text-align: left; font-size: 14px;\"><span class=\"Y2IQFc\" lang=\"fr\">R\u00e9pondre ux attentes de nos clients au plus haut niveau en construisant des maisons de haute qualit\u00e9 avec les conditions et les caract\u00e9ristiques requises par chaque p\u00e9riode et augmenter le nombre de nos clients satisfaits en construisant les maisons de leurs r\u00eaves. <\/span><\/p>\n<\/div>\n<\/div><\/div><\/div><\/div><\/div><div id=\"pg-36-1\"  class=\"panel-grid panel-no-style\" ><div id=\"pgc-36-1-0\"  class=\"panel-grid-cell\" ><div id=\"panel-36-1-0-0\" class=\"so-panel widget widget_pw_person_profile widget-person-profile panel-first-child panel-last-child\" data-index=\"2\" >\n\t<div class=\"card  person-profile\">\n\t\t\t\t<img decoding=\"async\" class=\"person-profile__image  wp-post-image\" src=\"https:\/\/ameaconstruction.com\/wp-content\/uploads\/2022\/06\/ceo.jpg\" alt=\"\u015eunun resmi: S\u00fcleyman SARI\u00c7AM\">\n\t\t\t\t<div class=\"card-block  person-profile__container\">\n\t\t\t\t\t\t\t<div class=\"person-profile__social-icons\">\n\t\t\t\t\t\t\t\t\t\t\t<a class=\"person-profile__social-icon\" href=\"https:\/\/www.facebook.com\/\" target=\"_blank\"><i class=\"fa  fa-facebook-square\"><\/i><\/a>\n\t\t\t\t\t\t\t\t\t\t\t<a class=\"person-profile__social-icon\" href=\"https:\/\/instagram.com\/\" target=\"_blank\"><i class=\"fa  fa-brands fa-instagram\"><\/i><\/a>\n\t\t\t\t\t\t\t\t\t\t\t<a class=\"person-profile__social-icon\" href=\"https:\/\/www.youtube.com\/\" target=\"_blank\"><i class=\"fa  fa-youtube-square\"><\/i><\/a>\n\t\t\t\t\t\t\t\t\t\t\t<a class=\"person-profile__social-icon\" href=\"\" target=\"_blank\"><i class=\"fa  \"><\/i><\/a>\n\t\t\t\t\t\t\t\t\t<\/div>\n\t\t\t\t\t\t<div class=\"person-profile__content\">\n\t\t\t\t\t\t\t\t\t<span class=\"person-profile__tag\">CEO<\/span>\n\t\t\t\t\t\t\t\t<h4 class=\"card-title  person-profile__name\">S\u00fcleyman SARI\u00c7AM<\/h4>\n\t\t\t\t<p class=\"card-text  person-profile__description\">Il a commenc\u00e9 par occuper des postes de direction dans des entreprises de construction de premier plan. Il a dirig\u00e9 des projets de construction. Il a fond\u00e9 sa propre entreprise en 2012.<\/p>\n\t\t\t<\/div>\n\t\t<\/div>\n\t<\/div>\n\n<\/div><\/div><\/div><div id=\"pg-36-2\"  class=\"panel-grid panel-no-style\" ><div id=\"pgc-36-2-0\"  class=\"panel-grid-cell panel-grid-cell-empty\" ><\/div><\/div><\/div>","protected":false},"excerpt":{"rendered":"<p>NOTRE M\u0130SS\u0130ON En construisant des maisons de haute qualit\u00e9 avec les caract\u00e9ristiques requises aujourd&#8217;hui, nous r\u00e9pondons aux attentes de nos clients au plus haut niveau et construisons les maisons de leurs r\u00eaves. NOTRE V\u0130S\u0130ON R\u00e9pondre ux attentes de nos clients au plus haut niveau en construisant des maisons de haute qualit\u00e9 avec les conditions et &hellip;<\/p>\n","protected":false},"author":1,"featured_media":0,"parent":0,"menu_order":0,"comment_status":"closed","ping_status":"closed","template":"","meta":{"footnotes":""},"class_list":["post-36","page","type-page","status-publish","hentry"],"acf":[],"_links":{"self":[{"href":"https:\/\/ameaconstruction.com\/index.php?rest_route=\/wp\/v2\/pages\/36","targetHints":{"allow":["GET"]}}],"collection":[{"href":"https:\/\/ameaconstruction.com\/index.php?rest_route=\/wp\/v2\/pages"}],"about":[{"href":"https:\/\/ameaconstruction.com\/index.php?rest_route=\/wp\/v2\/types\/page"}],"author":[{"embeddable":true,"href":"https:\/\/ameaconstruction.com\/index.php?rest_route=\/wp\/v2\/users\/1"}],"replies":[{"embeddable":true,"href":"https:\/\/ameaconstruction.com\/index.php?rest_route=%2Fwp%2Fv2%2Fcomments&post=36"}],"version-history":[{"count":72,"href":"https:\/\/ameaconstruction.com\/index.php?rest_route=\/wp\/v2\/pages\/36\/revisions"}],"predecessor-version":[{"id":1635,"href":"https:\/\/ameaconstruction.com\/index.php?rest_route=\/wp\/v2\/pages\/36\/revisions\/1635"}],"wp:attachment":[{"href":"https:\/\/ameaconstruction.com\/index.php?rest_route=%2Fwp%2Fv2%2Fmedia&parent=36"}],"curies":[{"name":"wp","href":"https:\/\/api.w.org\/{rel}","templated":true}]}}