{"id":269,"date":"2015-11-10T13:26:59","date_gmt":"2015-11-10T13:26:59","guid":{"rendered":"https:\/\/xml-io.proteusthemes.com\/structurepress\/?page_id=269"},"modified":"2022-06-03T20:32:38","modified_gmt":"2022-06-03T20:32:38","slug":"projects","status":"publish","type":"page","link":"https:\/\/ameaconstruction.com\/?page_id=269","title":{"rendered":"Projects"},"content":{"rendered":"<div id=\"pl-269\"  class=\"panel-layout\" ><div id=\"pg-269-0\"  class=\"panel-grid panel-no-style\" ><div id=\"pgc-269-0-0\"  class=\"panel-grid-cell\" ><div id=\"panel-269-0-0-0\" class=\"so-panel widget widget_pw_portfolio_grid widget-portfolio-grid panel-first-child panel-last-child\" data-index=\"0\" >\t\t\t\t\t<div class=\"portfolio-grid  portfolio-grid--grid\" data-type=\"grid\">\n\t\t\t\t\t\t\t\t\t<nav class=\"portfolio-grid__header\">\n\t\t\t\t\t\n\t\t\t\t\t<a href=\"#\" class=\"portfolio-grid__mobile-filter  js-filter  btn  btn-primary  btn-sm  hidden-lg-up\">\n\t\t\t\t\t\t<span class=\"fa  fa-filter\"><\/span> &nbsp;\n\t\t\t\t\t\tFILTER\t\t\t\t\t<\/a>\n\n\t\t\t\t\t<ul class=\"portfolio-grid__nav  js-wpg-nav-holder\">\n\t\t\t\t\t\t\t<li class=\"portfolio-grid__nav-item  is-active\" >\n\t\t\t\t\t\t\t\t<a href=\"#widget-0-0-0-all\" data-category=\"*\" class=\"portfolio-grid__nav-link  js-wpg-nav\">Tous Les Projets<\/a>\n\t\t\t\t\t\t\t<\/li>\n\t\t\t\t\t\t\t\t\t\t\t\t\t<li class=\"portfolio-grid__nav-item\">\n\t\t\t\t\t\t\t\t<a href=\"#widget-0-0-0-maison-privee\" data-category=\"maison-privee\" class=\"portfolio-grid__nav-link  js-wpg-nav\">Maison Priv\u00e9e<\/a>\n\t\t\t\t\t\t\t<\/li>\n\t\t\t\t\t\t\t\t\t\t\t\t\t<li class=\"portfolio-grid__nav-item\">\n\t\t\t\t\t\t\t\t<a href=\"#widget-0-0-0-renovation-de-toiture\" data-category=\"renovation-de-toiture\" class=\"portfolio-grid__nav-link  js-wpg-nav\">R\u00e9novation De Toiture<\/a>\n\t\t\t\t\t\t\t<\/li>\n\t\t\t\t\t\t\t\t\t\t\t\t\t<li class=\"portfolio-grid__nav-item\">\n\t\t\t\t\t\t\t\t<a href=\"#widget-0-0-0-renovations-interieures\" data-category=\"renovations-interieures\" class=\"portfolio-grid__nav-link  js-wpg-nav\">R\u00e9novations \u0130nt\u00e9rieures<\/a>\n\t\t\t\t\t\t\t<\/li>\n\t\t\t\t\t\t\t\t\t\t\t\t\t<li class=\"portfolio-grid__nav-item\">\n\t\t\t\t\t\t\t\t<a href=\"#widget-0-0-0-renovations-des-facades\" data-category=\"renovations-des-facades\" class=\"portfolio-grid__nav-link  js-wpg-nav\">R\u00e9novations Des Fa\u00e7ades<\/a>\n\t\t\t\t\t\t\t<\/li>\n\t\t\t\t\t\t\t\t\t\t\t<\/ul>\n\t\t\t\t<\/nav>\n\t\t\t\t\t\t\t\t\t<div class=\"js-wpg-items\">\n\t\t\t\t\t\t\t<div class=\"row\">\n\t\t\t\t\t\t\t\t\t\t<div class=\"col-xs-12  col-sm-6  col-lg-3  js-wpg-item\" data-categories=\"renovation-de-toiture\">\n\t\t\t\t<a class=\"card  portfolio-grid__card  js-wpg-card\" href=\"https:\/\/ameaconstruction.com\/?portfolio=staircase-addition\">\n\t\t\t\t\t<img loading=\"lazy\" decoding=\"async\" width=\"360\" height=\"240\" src=\"https:\/\/ameaconstruction.com\/wp-content\/uploads\/2015\/11\/38-360x240.jpg\" class=\"card-img-top  portfolio-grid__card-img wp-post-image\" alt=\"\" srcset=\"https:\/\/ameaconstruction.com\/wp-content\/uploads\/2015\/11\/38-360x240.jpg 360w, https:\/\/ameaconstruction.com\/wp-content\/uploads\/2015\/11\/38-272x182.jpg 272w\" sizes=\"auto, (max-width: 360px) 100vw, 360px\" \/>\t\t\t\t\t<div class=\"card-block  portfolio-grid__card-block\">\n\t\t\t\t\t\t<h5 class=\"card-title  portfolio-grid__card-title\">Staircase Addition<\/h5>\n\t\t\t\t\t\t<p class=\"card-text  portfolio-grid__card-text\">November 2015<\/p>\n\t\t\t\t\t<\/div>\n\t\t\t\t<\/a>\n\t\t\t<\/div>\n\t\t\t\t\t\t<div class=\"col-xs-12  col-sm-6  col-lg-3  js-wpg-item\" data-categories=\"renovations-interieures\">\n\t\t\t\t<a class=\"card  portfolio-grid__card  js-wpg-card\" href=\"https:\/\/ameaconstruction.com\/?portfolio=townhouse-facade-adaptation\">\n\t\t\t\t\t<img loading=\"lazy\" decoding=\"async\" width=\"360\" height=\"240\" src=\"https:\/\/ameaconstruction.com\/wp-content\/uploads\/2015\/11\/62-360x240.jpg\" class=\"card-img-top  portfolio-grid__card-img wp-post-image\" alt=\"\" srcset=\"https:\/\/ameaconstruction.com\/wp-content\/uploads\/2015\/11\/62-360x240.jpg 360w, https:\/\/ameaconstruction.com\/wp-content\/uploads\/2015\/11\/62-272x182.jpg 272w\" sizes=\"auto, (max-width: 360px) 100vw, 360px\" \/>\t\t\t\t\t<div class=\"card-block  portfolio-grid__card-block\">\n\t\t\t\t\t\t<h5 class=\"card-title  portfolio-grid__card-title\">Townhouse Facade<\/h5>\n\t\t\t\t\t\t<p class=\"card-text  portfolio-grid__card-text\">October 2015<\/p>\n\t\t\t\t\t<\/div>\n\t\t\t\t<\/a>\n\t\t\t<\/div>\n\t\t\t\t\t\t<div class=\"col-xs-12  col-sm-6  col-lg-3  js-wpg-item\" data-categories=\"renovations-des-facades\">\n\t\t\t\t<a class=\"card  portfolio-grid__card  js-wpg-card\" href=\"https:\/\/ameaconstruction.com\/?portfolio=family-house-plans\">\n\t\t\t\t\t<img loading=\"lazy\" decoding=\"async\" width=\"360\" height=\"240\" src=\"https:\/\/ameaconstruction.com\/wp-content\/uploads\/2015\/11\/108-360x240.jpg\" class=\"card-img-top  portfolio-grid__card-img wp-post-image\" alt=\"\" srcset=\"https:\/\/ameaconstruction.com\/wp-content\/uploads\/2015\/11\/108-360x240.jpg 360w, https:\/\/ameaconstruction.com\/wp-content\/uploads\/2015\/11\/108-272x182.jpg 272w\" sizes=\"auto, (max-width: 360px) 100vw, 360px\" \/>\t\t\t\t\t<div class=\"card-block  portfolio-grid__card-block\">\n\t\t\t\t\t\t<h5 class=\"card-title  portfolio-grid__card-title\">Family House Plans<\/h5>\n\t\t\t\t\t\t<p class=\"card-text  portfolio-grid__card-text\">November 2015<\/p>\n\t\t\t\t\t<\/div>\n\t\t\t\t<\/a>\n\t\t\t<\/div>\n\t\t\t\t\t\t<div class=\"col-xs-12  col-sm-6  col-lg-3  js-wpg-item\" data-categories=\"maison-privee\">\n\t\t\t\t<a class=\"card  portfolio-grid__card  js-wpg-card\" href=\"https:\/\/ameaconstruction.com\/?portfolio=condo-neighborhood\">\n\t\t\t\t\t<img loading=\"lazy\" decoding=\"async\" width=\"360\" height=\"240\" src=\"https:\/\/ameaconstruction.com\/wp-content\/uploads\/2015\/11\/5-360x240.jpg\" class=\"card-img-top  portfolio-grid__card-img wp-post-image\" alt=\"\" srcset=\"https:\/\/ameaconstruction.com\/wp-content\/uploads\/2015\/11\/5-360x240.jpg 360w, https:\/\/ameaconstruction.com\/wp-content\/uploads\/2015\/11\/5-272x182.jpg 272w\" sizes=\"auto, (max-width: 360px) 100vw, 360px\" \/>\t\t\t\t\t<div class=\"card-block  portfolio-grid__card-block\">\n\t\t\t\t\t\t<h5 class=\"card-title  portfolio-grid__card-title\">Condo Neighborhood<\/h5>\n\t\t\t\t\t\t<p class=\"card-text  portfolio-grid__card-text\">July 2015<\/p>\n\t\t\t\t\t<\/div>\n\t\t\t\t<\/a>\n\t\t\t<\/div>\n\t\t\t\t\t\t\t\t\t\t<\/div>\n\t\t\t\t\t\t<\/div>\n\t\t\t\t\t<\/div>\n\t\t\t\t\t<\/div><\/div><\/div><\/div>","protected":false},"excerpt":{"rendered":"","protected":false},"author":1,"featured_media":0,"parent":0,"menu_order":0,"comment_status":"closed","ping_status":"closed","template":"","meta":{"footnotes":""},"class_list":["post-269","page","type-page","status-publish","hentry"],"acf":[],"_links":{"self":[{"href":"https:\/\/ameaconstruction.com\/index.php?rest_route=\/wp\/v2\/pages\/269","targetHints":{"allow":["GET"]}}],"collection":[{"href":"https:\/\/ameaconstruction.com\/index.php?rest_route=\/wp\/v2\/pages"}],"about":[{"href":"https:\/\/ameaconstruction.com\/index.php?rest_route=\/wp\/v2\/types\/page"}],"author":[{"embeddable":true,"href":"https:\/\/ameaconstruction.com\/index.php?rest_route=\/wp\/v2\/users\/1"}],"replies":[{"embeddable":true,"href":"https:\/\/ameaconstruction.com\/index.php?rest_route=%2Fwp%2Fv2%2Fcomments&post=269"}],"version-history":[{"count":8,"href":"https:\/\/ameaconstruction.com\/index.php?rest_route=\/wp\/v2\/pages\/269\/revisions"}],"predecessor-version":[{"id":1610,"href":"https:\/\/ameaconstruction.com\/index.php?rest_route=\/wp\/v2\/pages\/269\/revisions\/1610"}],"wp:attachment":[{"href":"https:\/\/ameaconstruction.com\/index.php?rest_route=%2Fwp%2Fv2%2Fmedia&parent=269"}],"curies":[{"name":"wp","href":"https:\/\/api.w.org\/{rel}","templated":true}]}}