{"id":213,"date":"2015-10-14T08:25:58","date_gmt":"2015-10-14T08:25:58","guid":{"rendered":"http:\/\/xml-io.proteusthemes.com\/structurepress\/?page_id=11"},"modified":"2022-06-02T19:07:19","modified_gmt":"2022-06-02T19:07:19","slug":"home","status":"publish","type":"page","link":"https:\/\/ameaconstruction.com\/","title":{"rendered":"Home"},"content":{"rendered":"<div id=\"pl-213\"  class=\"panel-layout\" ><div id=\"pg-213-0\"  class=\"panel-grid panel-has-style\" ><div class=\"panel-row-style panel-row-style-for-213-0\" ><div id=\"pgc-213-0-0\"  class=\"panel-grid-cell\" ><div id=\"panel-213-0-0-0\" class=\"so-panel widget widget_pw_featured_page widget-featured-page panel-first-child panel-last-child\" data-index=\"0\" >\n\t<div class=\"page-box  page-box--block\">\n\t\t\t\t\t<a class=\"page-box__picture\" href=\"https:\/\/ameaconstruction.com\/?page_id=479\">\n\t\t\t\t<img loading=\"lazy\" decoding=\"async\" src=\"https:\/\/ameaconstruction.com\/wp-content\/uploads\/2022\/05\/Tek-katli-betonarme-ev-projesi11-360x240.jpg\" width=\"360\" height=\"240\" srcset=\"https:\/\/ameaconstruction.com\/wp-content\/uploads\/2022\/05\/Tek-katli-betonarme-ev-projesi11-360x240.jpg 360w, https:\/\/ameaconstruction.com\/wp-content\/uploads\/2022\/05\/Tek-katli-betonarme-ev-projesi11.jpg 1280w\" sizes=\"auto, (min-width: 1200px) 350px, (min-width: 992px) 284px, (min-width: 768px) 692px, calc(100vw - 30px)\" class=\"wp-post-image\" alt=\"Maison Priv\u00e9e\">\n\t\t\t<\/a>\n\t\t\t\t<div class=\"page-box__content\">\n\t\t\t<h4 class=\"page-box__title\"><a href=\"https:\/\/ameaconstruction.com\/?page_id=479\">Maison Priv\u00e9e<\/a><\/h4>\n\t\t\t<p class=\"page-box__text\">By choosing to build  green, you aremaking an effort to reduce the burden on the environment and also add value to your home. StrusturePress provides you with the guidance and the tools that are necessary &hellip;<\/p>\n\t\t\t\t\t\t\t<a href=\"https:\/\/ameaconstruction.com\/?page_id=479\" class=\"page-box__more-link\">LIRE LA SUITE<\/a>\n\t\t\t\t\t<\/div>\n\t<\/div>\n\n<\/div><\/div><div id=\"pgc-213-0-1\"  class=\"panel-grid-cell\" ><div id=\"panel-213-0-1-0\" class=\"so-panel widget widget_pw_featured_page widget-featured-page panel-first-child panel-last-child\" data-index=\"1\" >\n\t<div class=\"page-box  page-box--block\">\n\t\t\t\t\t<a class=\"page-box__picture\" href=\"https:\/\/ameaconstruction.com\/?page_id=484\">\n\t\t\t\t<img loading=\"lazy\" decoding=\"async\" src=\"https:\/\/ameaconstruction.com\/wp-content\/uploads\/2022\/05\/cati-360x240.jpg\" width=\"360\" height=\"240\" srcset=\"https:\/\/ameaconstruction.com\/wp-content\/uploads\/2022\/05\/cati-360x240.jpg 360w, https:\/\/ameaconstruction.com\/wp-content\/uploads\/2022\/05\/cati.jpg 840w\" sizes=\"auto, (min-width: 1200px) 350px, (min-width: 992px) 284px, (min-width: 768px) 692px, calc(100vw - 30px)\" class=\"wp-post-image\" alt=\"R\u00e9novation De Toiture\">\n\t\t\t<\/a>\n\t\t\t\t<div class=\"page-box__content\">\n\t\t\t<h4 class=\"page-box__title\"><a href=\"https:\/\/ameaconstruction.com\/?page_id=484\">R\u00e9novation De Toiture<\/a><\/h4>\n\t\t\t<p class=\"page-box__text\">StructurePress\u00a0offer you the best in metal roofing services, supplies and materials to help protect one of your biggest investments you will ever make, your home. There is no better way to protect your &hellip;<\/p>\n\t\t\t\t\t\t\t<a href=\"https:\/\/ameaconstruction.com\/?page_id=484\" class=\"page-box__more-link\">LIRE LA SUITE<\/a>\n\t\t\t\t\t<\/div>\n\t<\/div>\n\n<\/div><\/div><div id=\"pgc-213-0-2\"  class=\"panel-grid-cell\" ><div id=\"panel-213-0-2-0\" class=\"so-panel widget widget_pw_featured_page widget-featured-page panel-first-child\" data-index=\"2\" >\n\t<div class=\"page-box  page-box--inline\">\n\t\t\t\t\t<a class=\"page-box__picture\" href=\"https:\/\/ameaconstruction.com\/?page_id=482\"><img loading=\"lazy\" decoding=\"async\" width=\"100\" height=\"70\" src=\"https:\/\/ameaconstruction.com\/wp-content\/uploads\/2022\/05\/danisman-100x70.jpg\" class=\"attachment-pw-inline size-pw-inline wp-post-image\" alt=\"\" \/><\/a>\n\t\t\t\t<div class=\"page-box__content\">\n\t\t\t<h4 class=\"page-box__title\"><a href=\"https:\/\/ameaconstruction.com\/?page_id=482\">Conseiller De Batiment<\/a><\/h4>\n\t\t\t<p class=\"page-box__text\">CONSEIL DE TRAVOUX\nWhether you know exactly how you want &hellip;<\/p>\n\t\t\t\t\t<\/div>\n\t<\/div>\n\n<\/div><div id=\"panel-213-0-2-1\" class=\"so-panel widget widget_pw_featured_page widget-featured-page\" data-index=\"3\" >\n\t<div class=\"page-box  page-box--inline\">\n\t\t\t\t\t<a class=\"page-box__picture\" href=\"https:\/\/ameaconstruction.com\/?page_id=1317\"><img loading=\"lazy\" decoding=\"async\" width=\"100\" height=\"70\" src=\"https:\/\/ameaconstruction.com\/wp-content\/uploads\/2022\/05\/endustriyelyapim-100x70.jpg\" class=\"attachment-pw-inline size-pw-inline wp-post-image\" alt=\"\" \/><\/a>\n\t\t\t\t<div class=\"page-box__content\">\n\t\t\t<h4 class=\"page-box__title\"><a href=\"https:\/\/ameaconstruction.com\/?page_id=1317\">Construction \u0130ndustrielle<\/a><\/h4>\n\t\t\t<p class=\"page-box__text\">Laminate flooring is a more affordable option in place of &hellip;<\/p>\n\t\t\t\t\t<\/div>\n\t<\/div>\n\n<\/div><div id=\"panel-213-0-2-2\" class=\"so-panel widget widget_pw_featured_page widget-featured-page\" data-index=\"4\" >\n\t<div class=\"page-box  page-box--inline\">\n\t\t\t\t\t<a class=\"page-box__picture\" href=\"https:\/\/ameaconstruction.com\/?page_id=473\"><img loading=\"lazy\" decoding=\"async\" width=\"100\" height=\"70\" src=\"https:\/\/ameaconstruction.com\/wp-content\/uploads\/2022\/05\/ictamirat-100x70.jpg\" class=\"attachment-pw-inline size-pw-inline wp-post-image\" alt=\"\" \/><\/a>\n\t\t\t\t<div class=\"page-box__content\">\n\t\t\t<h4 class=\"page-box__title\"><a href=\"https:\/\/ameaconstruction.com\/?page_id=473\">R\u00e9novations \u0130nt\u00e9rieures<\/a><\/h4>\n\t\t\t<p class=\"page-box__text\">Construction\nWith a reputation built on offering superior &hellip;<\/p>\n\t\t\t\t\t<\/div>\n\t<\/div>\n\n<\/div><div id=\"panel-213-0-2-3\" class=\"so-panel widget widget_pw_featured_page widget-featured-page panel-last-child\" data-index=\"5\" >\n\t<div class=\"page-box  page-box--inline\">\n\t\t\t\t\t<a class=\"page-box__picture\" href=\"https:\/\/ameaconstruction.com\/?page_id=475\"><img loading=\"lazy\" decoding=\"async\" width=\"100\" height=\"70\" src=\"https:\/\/ameaconstruction.com\/wp-content\/uploads\/2022\/05\/dis-cephe-100x70.jpg\" class=\"attachment-pw-inline size-pw-inline wp-post-image\" alt=\"\" \/><\/a>\n\t\t\t\t<div class=\"page-box__content\">\n\t\t\t<h4 class=\"page-box__title\"><a href=\"https:\/\/ameaconstruction.com\/?page_id=475\">R\u00e9novations Des Fa\u00e7ades<\/a><\/h4>\n\t\t\t<p class=\"page-box__text\">InteriorThere are a number of great reasons to makeover &hellip;<\/p>\n\t\t\t\t\t<\/div>\n\t<\/div>\n\n<\/div><\/div><\/div><\/div><div id=\"pg-213-1\"  class=\"panel-grid panel-has-style\" ><div class=\"siteorigin-panels-stretch panel-row-style panel-row-style-for-213-1\" data-stretch-type=\"full\" ><div id=\"pgc-213-1-0\"  class=\"panel-grid-cell\" ><div id=\"panel-213-1-0-0\" class=\"so-panel widget widget_pw_portfolio_grid widget-portfolio-grid panel-first-child panel-last-child\" data-index=\"6\" >\t\t\t\t\t<div class=\"portfolio-grid  portfolio-grid--slider\" data-type=\"slider\">\n\t\t\t\t\t\t\t\t\t\t<nav class=\"portfolio-grid__header\">\n\t\t\t\t\t\t\t\t\t\t\t<div class=\"portfolio-grid__arrows  js-wpg-arrows\">\n\t\t\t\t\t\t\t<a class=\"portfolio-grid__arrow  portfolio-grid__arrow--left\" href=\"#portfolio-grid-widget-1-0-0\" role=\"button\" data-slide=\"prev\">\n\t\t\t\t\t\t\t\t<span class=\"fa fa-caret-left\" aria-hidden=\"true\"><\/span>\n\t\t\t\t\t\t\t\t<span class=\"sr-only\">Previous<\/span>\n\t\t\t\t\t\t\t<\/a><a class=\"portfolio-grid__arrow  portfolio-grid__arrow--right\" href=\"#portfolio-grid-widget-1-0-0\" role=\"button\" data-slide=\"next\">\n\t\t\t\t\t\t\t\t<span class=\"fa fa-caret-right\" aria-hidden=\"true\"><\/span>\n\t\t\t\t\t\t\t\t<span class=\"sr-only\">Next<\/span>\n\t\t\t\t\t\t\t<\/a>\n\t\t\t\t\t\t<\/div>\n\t\t\t\t\t\n\t\t\t\t\t<a href=\"#\" class=\"portfolio-grid__mobile-filter  js-filter  btn  btn-primary  btn-sm  hidden-lg-up\">\n\t\t\t\t\t\t<span class=\"fa  fa-filter\"><\/span> &nbsp;\n\t\t\t\t\t\tFILTER\t\t\t\t\t<\/a>\n\n\t\t\t\t\t<ul class=\"portfolio-grid__nav  js-wpg-nav-holder\">\n\t\t\t\t\t\t\t<li class=\"portfolio-grid__nav-item  is-active\" >\n\t\t\t\t\t\t\t\t<a href=\"#widget-1-0-0-all\" data-category=\"*\" class=\"portfolio-grid__nav-link  js-wpg-nav\">T\u00fcm Projeler<\/a>\n\t\t\t\t\t\t\t<\/li>\n\t\t\t\t\t\t\t\t\t\t\t\t\t<li class=\"portfolio-grid__nav-item\">\n\t\t\t\t\t\t\t\t<a href=\"#widget-1-0-0-maison-privee\" data-category=\"maison-privee\" class=\"portfolio-grid__nav-link  js-wpg-nav\">Maison Priv\u00e9e<\/a>\n\t\t\t\t\t\t\t<\/li>\n\t\t\t\t\t\t\t\t\t\t\t\t\t<li class=\"portfolio-grid__nav-item\">\n\t\t\t\t\t\t\t\t<a href=\"#widget-1-0-0-renovation-de-toiture\" data-category=\"renovation-de-toiture\" class=\"portfolio-grid__nav-link  js-wpg-nav\">R\u00e9novation De Toiture<\/a>\n\t\t\t\t\t\t\t<\/li>\n\t\t\t\t\t\t\t\t\t\t\t\t\t<li class=\"portfolio-grid__nav-item\">\n\t\t\t\t\t\t\t\t<a href=\"#widget-1-0-0-renovations-interieures\" data-category=\"renovations-interieures\" class=\"portfolio-grid__nav-link  js-wpg-nav\">R\u00e9novations \u0130nt\u00e9rieures<\/a>\n\t\t\t\t\t\t\t<\/li>\n\t\t\t\t\t\t\t\t\t\t\t\t\t<li class=\"portfolio-grid__nav-item\">\n\t\t\t\t\t\t\t\t<a href=\"#widget-1-0-0-renovations-des-facades\" data-category=\"renovations-des-facades\" class=\"portfolio-grid__nav-link  js-wpg-nav\">R\u00e9novations Des Fa\u00e7ades<\/a>\n\t\t\t\t\t\t\t<\/li>\n\t\t\t\t\t\t\t\t\t\t\t<\/ul>\n\t\t\t\t<\/nav>\n\t\t\t\t\t\t\t\t\t<div id=\"portfolio-grid-widget-1-0-0\" class=\"carousel  slide\" data-ride=\"carousel\" data-interval=\"false\">\n\t\t\t\t\t\t\t<div class=\"carousel-inner  js-wpg-items\" role=\"listbox\">\n\t\t\t\t\t\t\t\t<div class=\"carousel-item  active\">\n\t\t\t\t\t\t\t\t\t<div class=\"row\">\n\t\t\t\t\t\t\t\t\t\t\t\t\t<div class=\"col-xs-12  col-sm-6  col-lg-3  js-wpg-item\" data-categories=\"renovation-de-toiture\">\n\t\t\t\t<a class=\"card  portfolio-grid__card  js-wpg-card\" href=\"https:\/\/ameaconstruction.com\/?portfolio=staircase-addition\">\n\t\t\t\t\t<img loading=\"lazy\" decoding=\"async\" width=\"360\" height=\"240\" src=\"https:\/\/ameaconstruction.com\/wp-content\/uploads\/2015\/11\/38-360x240.jpg\" class=\"card-img-top  portfolio-grid__card-img wp-post-image\" alt=\"\" srcset=\"https:\/\/ameaconstruction.com\/wp-content\/uploads\/2015\/11\/38-360x240.jpg 360w, https:\/\/ameaconstruction.com\/wp-content\/uploads\/2015\/11\/38-272x182.jpg 272w\" sizes=\"auto, (max-width: 360px) 100vw, 360px\" \/>\t\t\t\t\t<div class=\"card-block  portfolio-grid__card-block\">\n\t\t\t\t\t\t<h5 class=\"card-title  portfolio-grid__card-title\">Staircase Addition<\/h5>\n\t\t\t\t\t\t<p class=\"card-text  portfolio-grid__card-text\">November 2015<\/p>\n\t\t\t\t\t<\/div>\n\t\t\t\t<\/a>\n\t\t\t<\/div>\n\t\t\t\t\t\t<div class=\"col-xs-12  col-sm-6  col-lg-3  js-wpg-item\" data-categories=\"renovations-interieures\">\n\t\t\t\t<a class=\"card  portfolio-grid__card  js-wpg-card\" href=\"https:\/\/ameaconstruction.com\/?portfolio=townhouse-facade-adaptation\">\n\t\t\t\t\t<img loading=\"lazy\" decoding=\"async\" width=\"360\" height=\"240\" src=\"https:\/\/ameaconstruction.com\/wp-content\/uploads\/2015\/11\/62-360x240.jpg\" class=\"card-img-top  portfolio-grid__card-img wp-post-image\" alt=\"\" srcset=\"https:\/\/ameaconstruction.com\/wp-content\/uploads\/2015\/11\/62-360x240.jpg 360w, https:\/\/ameaconstruction.com\/wp-content\/uploads\/2015\/11\/62-272x182.jpg 272w\" sizes=\"auto, (max-width: 360px) 100vw, 360px\" \/>\t\t\t\t\t<div class=\"card-block  portfolio-grid__card-block\">\n\t\t\t\t\t\t<h5 class=\"card-title  portfolio-grid__card-title\">Townhouse Facade<\/h5>\n\t\t\t\t\t\t<p class=\"card-text  portfolio-grid__card-text\">October 2015<\/p>\n\t\t\t\t\t<\/div>\n\t\t\t\t<\/a>\n\t\t\t<\/div>\n\t\t\t\t\t\t<div class=\"col-xs-12  col-sm-6  col-lg-3  js-wpg-item\" data-categories=\"renovations-des-facades\">\n\t\t\t\t<a class=\"card  portfolio-grid__card  js-wpg-card\" href=\"https:\/\/ameaconstruction.com\/?portfolio=family-house-plans\">\n\t\t\t\t\t<img loading=\"lazy\" decoding=\"async\" width=\"360\" height=\"240\" src=\"https:\/\/ameaconstruction.com\/wp-content\/uploads\/2015\/11\/108-360x240.jpg\" class=\"card-img-top  portfolio-grid__card-img wp-post-image\" alt=\"\" srcset=\"https:\/\/ameaconstruction.com\/wp-content\/uploads\/2015\/11\/108-360x240.jpg 360w, https:\/\/ameaconstruction.com\/wp-content\/uploads\/2015\/11\/108-272x182.jpg 272w\" sizes=\"auto, (max-width: 360px) 100vw, 360px\" \/>\t\t\t\t\t<div class=\"card-block  portfolio-grid__card-block\">\n\t\t\t\t\t\t<h5 class=\"card-title  portfolio-grid__card-title\">Family House Plans<\/h5>\n\t\t\t\t\t\t<p class=\"card-text  portfolio-grid__card-text\">November 2015<\/p>\n\t\t\t\t\t<\/div>\n\t\t\t\t<\/a>\n\t\t\t<\/div>\n\t\t\t\t\t\t<div class=\"col-xs-12  col-sm-6  col-lg-3  js-wpg-item\" data-categories=\"maison-privee\">\n\t\t\t\t<a class=\"card  portfolio-grid__card  js-wpg-card\" href=\"https:\/\/ameaconstruction.com\/?portfolio=condo-neighborhood\">\n\t\t\t\t\t<img loading=\"lazy\" decoding=\"async\" width=\"360\" height=\"240\" src=\"https:\/\/ameaconstruction.com\/wp-content\/uploads\/2015\/11\/5-360x240.jpg\" class=\"card-img-top  portfolio-grid__card-img wp-post-image\" alt=\"\" srcset=\"https:\/\/ameaconstruction.com\/wp-content\/uploads\/2015\/11\/5-360x240.jpg 360w, https:\/\/ameaconstruction.com\/wp-content\/uploads\/2015\/11\/5-272x182.jpg 272w\" sizes=\"auto, (max-width: 360px) 100vw, 360px\" \/>\t\t\t\t\t<div class=\"card-block  portfolio-grid__card-block\">\n\t\t\t\t\t\t<h5 class=\"card-title  portfolio-grid__card-title\">Condo Neighborhood<\/h5>\n\t\t\t\t\t\t<p class=\"card-text  portfolio-grid__card-text\">July 2015<\/p>\n\t\t\t\t\t<\/div>\n\t\t\t\t<\/a>\n\t\t\t<\/div>\n\t\t\t<\/div><\/div><div class=\"carousel-item\"><div class=\"row\">\t\t\t<div class=\"col-xs-12  col-sm-6  col-lg-3  js-wpg-item\" data-categories=\"\">\n\t\t\t\t<div class=\"portfolio-grid__card  portfolio-grid__card--dummy  js-wpg-card\" href=\"https:\/\/ameaconstruction.com\/?portfolio=condo-neighborhood\">\n\t\t\t\t\t<div class=\"portfolio-grid__card-block  text-xs-center\">\n\t\t\t\t\t\t<span class=\"fa fa-cloud-upload fa-2x\"><\/span>\n\t\t\t\t\t\t<h5 class=\"portfolio-grid__card-title\">Place reserved for your next project!<\/h5>\n\t\t\t\t\t\t<p class=\"portfolio-grid__card-text\">\n\t\t\t\t\t\t\t<a href=\"http:\/\/ameaconstruction.com\" class=\"btn btn-primary\">REQUEST A QUOTE<\/a>\n\t\t\t\t\t\t<\/p>\n\t\t\t\t\t<\/div>\n\t\t\t\t<\/div>\n\t\t\t<\/div>\n\t\t\t\t\t\t\t\t\t\t\t\t<\/div>\n\t\t\t\t\t\t\t\t<\/div>\n\t\t\t\t\t\t\t<\/div>\n\t\t\t\t\t\t<\/div>\n\t\t\t\t\t<\/div>\n\t\t\t\t\t<\/div><\/div><\/div><\/div><div id=\"pg-213-2\"  class=\"panel-grid panel-has-style\" ><div class=\"siteorigin-panels-stretch panel-row-style panel-row-style-for-213-2\" data-stretch-type=\"full\" ><div id=\"pgc-213-2-0\"  class=\"panel-grid-cell\" ><div id=\"panel-213-2-0-0\" class=\"so-panel widget widget_pw_call_to_action widget-call-to-action panel-first-child panel-last-child\" data-index=\"7\" >\t\t\t\t<div class=\"call-to-action\">\n\t\t\t\t\t<div class=\"call-to-action__text\">\n\t\t\t\t\t\t<h4 class=\"call-to-action__title\">\n\t\t\t\t\t\t\tBesoin de professionnels pour projeter et construire la maison de vos r\u00eaves ?\t\t\t\t\t\t<\/h4>\n\t\t\t\t\t\t\t\t\t\t\t\t<p class=\"call-to-action__subtitle\">\n\t\t\t\t\t\t\tNous offrons les meilleurs ing\u00e9nieurs et constructeurs pour r\u00e9aliser vos r\u00eaves.\t\t\t\t\t\t<\/p>\n\t\t\t\t\t\t\t\t\t\t\t<\/div>\n\t\t\t\t\t<div class=\"call-to-action__button\">\n\t\t\t\t\t\t<a class=\"btn  btn-secondary\" href=\"https:\/\/ameaconstruction.com\/?page_id=36\" target=\"_self\"> QUI SOMMES NOUS<\/a> <a class=\"btn  btn-primary\" href=\"https:\/\/ameaconstruction.com\/?page_id=38\" target=\"_self\"> CONTACT<\/a>\t\t\t\t\t<\/div>\n\t\t\t\t<\/div>\n\t\t\t<\/div><\/div><\/div><\/div><div id=\"pg-213-3\"  class=\"panel-grid panel-has-style\" ><div class=\"siteorigin-panels-stretch panel-row-style panel-row-style-for-213-3\" data-stretch-type=\"full\" ><div id=\"pgc-213-3-0\"  class=\"panel-grid-cell panel-grid-cell-empty\" ><\/div><div id=\"pgc-213-3-1\"  class=\"panel-grid-cell panel-grid-cell-mobile-last\" ><div id=\"panel-213-3-1-0\" class=\"so-panel widget widget_sow-editor panel-first-child panel-last-child\" data-index=\"8\" ><div class=\"so-widget-sow-editor so-widget-sow-editor-base\">\n<div class=\"siteorigin-widget-tinymce textwidget\">\n\t<h3 style=\"text-align: center; font-size: 2.5rem; margin-bottom: 1.5rem;\">Nous <span class=\"Y2IQFc\" lang=\"fr\">cr\u00e9ons de nouveaux espaces de vie<\/span><\/h3>\n<p style=\"text-align: center;\"><span style=\"color: #333333;\">Nous <span class=\"Y2IQFc\" lang=\"fr\">\u00e9liminons la division de votre projet entre diff\u00e9rentes entreprises. Nous sommes une entreprise innovatrice qui offre pour vous des services de conception et de construction, de l'\u00e9tape de fondation initiale \u00e0 l'\u00e9chantillon de construction final, ainsi que l'entretien et la r\u00e9paration de r\u00e9sidences existantes.<\/span><\/span><\/p>\n<p style=\"text-align: center; margin-bottom: 0;\"><img loading=\"lazy\" decoding=\"async\" class=\"alignnone size-full wp-image-1079\" src=\"http:\/\/ameaconstruction.com\/wp-content\/uploads\/2022\/04\/ameaconstruction.png\" alt=\"\" width=\"232\" height=\"58\" \/><\/p>\n<\/div>\n<\/div><\/div><\/div><div id=\"pgc-213-3-2\"  class=\"panel-grid-cell panel-grid-cell-empty\" ><\/div><\/div><\/div><div id=\"pg-213-4\"  class=\"panel-grid panel-has-style\" ><div class=\"siteorigin-panels-stretch panel-row-style panel-row-style-for-213-4\" data-stretch-type=\"full\" ><div id=\"pgc-213-4-0\"  class=\"panel-grid-cell\" ><div id=\"panel-213-4-0-0\" class=\"so-panel widget widget_pw_testimonials widget-testimonials panel-first-child panel-last-child\" data-index=\"9\" >\n\t<h3 class=\"widget-title\"><span class=\"widget-title__inline\">CLIENTS HEUREUX<\/span><\/h3>\n\t<div class=\"testimonial__container\">\n\t\t<div id=\"carousel-testimonials-widget-4-0-0\" class=\"carousel  slide  testimonial\" data-ride=\"carousel\" data-interval=\"false\">\n\t\t\t<!-- Wrapper for slides -->\n\t\t\t<div class=\"carousel-inner\" role=\"listbox\">\n\t\t\t\t<div class=\"carousel-item active\">\n\t\t\t\t\t<div class=\"row\">\n\t\t\t\t\t\t\t\t\t\t\t\t\t\t\t\t\t\t\t\t<div class=\"col-xs-12  col-sm-12\">\n\t\t\t\t\t\t\t\t<blockquote>\n\t\t\t\t\t\t\t\t\t\t\t\t\t\t\t\t\t\t\t<div class=\"testimonial__author-avatar\">\n\t\t\t\t\t\t\t\t\t\t\t<img decoding=\"async\" src=\"https:\/\/xml-io.proteusthemes.com\/structurepress\/wp-content\/uploads\/sites\/28\/2015\/11\/testimonials-2-300x300.jpg\" alt=\"\">\n\t\t\t\t\t\t\t\t\t\t<\/div>\n\t\t\t\t\t\t\t\t\t\t\t\t\t\t\t\t\t\t<div class=\"testimonial__author\">\n\t\t\t\t\t\t\t\t\t\t<cite class=\"testimonial__author-name\">\n\t\t\t\t\t\t\t\t\t\tAlan Owens\t\t\t\t\t\t\t\t\t\t<\/cite>\n\t\t\t\t\t\t\t\t\t\t\t\t\t\t\t\t\t\t\t\t\t<div class=\"testimonial__author-description\">\n\t\t\t\t\t\t\t\t\t\t\t\tOWN Inc.\t\t\t\t\t\t\t\t\t\t\t<\/div>\n\t\t\t\t\t\t\t\t\t\t\t\t\t\t\t\t\t\t\t<\/div>\n\t\t\t\t\t\t\t\t\t<p class=\"testimonial__quote\">\n\t\t\t\t\t\t\t\t\t\tThe StructurePress team was very sufficient in maintaining the integrity of this project in terms of planning, scheduling, cost and quality, and their team\u2019s ability to work in person with owners, architects, designers and planner makes them a leader in their field.\t\t\t\t\t\t\t\t\t<\/p>\n\t\t\t\t\t\t\t\t<\/blockquote>\n\t\t\t\t\t\t\t<\/div>\n\t\t\t\t\t\t\t\t\t\t\t\t\t<\/div><\/div> <div class=\"carousel-item\"><div class=\"row\">\t\t\t\t\t\t\t<div class=\"col-xs-12  col-sm-12\">\n\t\t\t\t\t\t\t\t<blockquote>\n\t\t\t\t\t\t\t\t\t\t\t\t\t\t\t\t\t\t\t<div class=\"testimonial__author-avatar\">\n\t\t\t\t\t\t\t\t\t\t\t<img decoding=\"async\" src=\"https:\/\/xml-io.proteusthemes.com\/structurepress\/wp-content\/uploads\/sites\/28\/2015\/11\/testimonials-4-300x300.jpg\" alt=\"\">\n\t\t\t\t\t\t\t\t\t\t<\/div>\n\t\t\t\t\t\t\t\t\t\t\t\t\t\t\t\t\t\t<div class=\"testimonial__author\">\n\t\t\t\t\t\t\t\t\t\t<cite class=\"testimonial__author-name\">\n\t\t\t\t\t\t\t\t\t\tRebecca Watson\t\t\t\t\t\t\t\t\t\t<\/cite>\n\t\t\t\t\t\t\t\t\t\t\t\t\t\t\t\t\t\t\t\t\t<div class=\"testimonial__author-description\">\n\t\t\t\t\t\t\t\t\t\t\t\tR. W. Construction Inc.\t\t\t\t\t\t\t\t\t\t\t<\/div>\n\t\t\t\t\t\t\t\t\t\t\t\t\t\t\t\t\t\t\t<\/div>\n\t\t\t\t\t\t\t\t\t<p class=\"testimonial__quote\">\n\t\t\t\t\t\t\t\t\t\tStructrePress company has performed in a consistent, demanding and professional manner. They have got my project on time with the competition with a highly skilled, well-organized and experienced team of professional construction managers. Our company is looking forward to hire them again.\t\t\t\t\t\t\t\t\t<\/p>\n\t\t\t\t\t\t\t\t<\/blockquote>\n\t\t\t\t\t\t\t<\/div>\n\t\t\t\t\t\t\t\t\t\t\t\t\t<\/div><\/div> <div class=\"carousel-item\"><div class=\"row\">\t\t\t\t\t\t\t<div class=\"col-xs-12  col-sm-12\">\n\t\t\t\t\t\t\t\t<blockquote>\n\t\t\t\t\t\t\t\t\t\t\t\t\t\t\t\t\t\t\t<div class=\"testimonial__author-avatar\">\n\t\t\t\t\t\t\t\t\t\t\t<img decoding=\"async\" src=\"https:\/\/xml-io.proteusthemes.com\/structurepress\/wp-content\/uploads\/sites\/28\/2015\/11\/testimonials-3-300x300.jpg\" alt=\"\">\n\t\t\t\t\t\t\t\t\t\t<\/div>\n\t\t\t\t\t\t\t\t\t\t\t\t\t\t\t\t\t\t<div class=\"testimonial__author\">\n\t\t\t\t\t\t\t\t\t\t<cite class=\"testimonial__author-name\">\n\t\t\t\t\t\t\t\t\t\tJohn Weller\t\t\t\t\t\t\t\t\t\t<\/cite>\n\t\t\t\t\t\t\t\t\t\t\t\t\t\t\t\t\t\t\t\t\t<div class=\"testimonial__author-description\">\n\t\t\t\t\t\t\t\t\t\t\t\tWelling Design &amp; Engineering\t\t\t\t\t\t\t\t\t\t\t<\/div>\n\t\t\t\t\t\t\t\t\t\t\t\t\t\t\t\t\t\t\t<\/div>\n\t\t\t\t\t\t\t\t\t<p class=\"testimonial__quote\">\n\t\t\t\t\t\t\t\t\t\tAs the architect for major projects I really like to collaborte with StructurePress company. We are particularly organized through the construction process. My own project was a great example of contractors and architects working as a team for the good of the project and its users.\t\t\t\t\t\t\t\t\t<\/p>\n\t\t\t\t\t\t\t\t<\/blockquote>\n\t\t\t\t\t\t\t<\/div>\n\t\t\t\t\t\t\t\t\t\t\t<\/div>\n\t\t\t\t<\/div>\n\t\t\t<\/div>\n\t\t<\/div>\n\t\t\t\t\t<a class=\"testimonial__carousel  testimonial__carousel--left\" href=\"#carousel-testimonials-widget-4-0-0\" data-slide=\"prev\"><i class=\"fa  fa-caret-left\" aria-hidden=\"true\"><\/i><span class=\"sr-only\" role=\"button\">Sonraki<\/span><\/a>\n\t\t\t<a class=\"testimonial__carousel  testimonial__carousel--right\" href=\"#carousel-testimonials-widget-4-0-0\" data-slide=\"next\"><i class=\"fa  fa-caret-right\" aria-hidden=\"true\"><\/i><span class=\"sr-only\" role=\"button\">\u00d6nceki<\/span><\/a>\n\t\t\t<\/div>\n\n<\/div><\/div><\/div><\/div><div id=\"pg-213-5\"  class=\"panel-grid panel-no-style\" ><div id=\"pgc-213-5-0\"  class=\"panel-grid-cell\" ><div id=\"panel-213-5-0-0\" class=\"so-panel widget widget_text panel-first-child panel-last-child\" data-index=\"10\" ><h3 class=\"widget-title\"><span class=\"widget-title__inline\">R\u00c9F\u00c9RENCES<\/span><\/h3>\t\t\t<div class=\"textwidget\"><div class=\"logo-panel\">\n  <div class=\"row\">\n    <div class=\"col-xs-12  col-sm-4  col-lg-2\">\n      <img decoding=\"async\" src=\"https:\/\/xml-io.proteusthemes.com\/structurepress\/wp-content\/uploads\/sites\/28\/2015\/11\/client_01.jpg\" alt=\"Client logo\">\n    <\/div>\n    <div class=\"col-xs-12  col-sm-4  col-lg-2\">\n      <img decoding=\"async\" src=\"https:\/\/xml-io.proteusthemes.com\/structurepress\/wp-content\/uploads\/sites\/28\/2015\/11\/client_02.jpg\" alt=\"Client logo\">\n    <\/div>\n    <div class=\"col-xs-12  col-sm-4  col-lg-2\">\n      <img decoding=\"async\" src=\"https:\/\/xml-io.proteusthemes.com\/structurepress\/wp-content\/uploads\/sites\/28\/2015\/11\/client_03.jpg\" alt=\"Client logo\">\n    <\/div>\n    <div class=\"col-xs-12  col-sm-4  col-lg-2\">\n      <img decoding=\"async\" src=\"https:\/\/xml-io.proteusthemes.com\/structurepress\/wp-content\/uploads\/sites\/28\/2015\/11\/client_04.jpg\" alt=\"Client logo\">\n    <\/div>\n    <div class=\"col-xs-12  col-sm-4  col-lg-2\">\n      <img decoding=\"async\" src=\"https:\/\/xml-io.proteusthemes.com\/structurepress\/wp-content\/uploads\/sites\/28\/2015\/11\/client_05.jpg\" alt=\"Client logo\">\n    <\/div>\n    <div class=\"col-xs-12  col-sm-4  col-lg-2\">\n      <img decoding=\"async\" src=\"https:\/\/xml-io.proteusthemes.com\/structurepress\/wp-content\/uploads\/sites\/28\/2015\/11\/client_06.jpg\" alt=\"Client logo\">\n    <\/div>\n  <\/div>\n<\/div><\/div>\n\t\t<\/div><\/div><\/div><div id=\"pg-213-6\"  class=\"panel-grid panel-no-style\" ><div id=\"pgc-213-6-0\"  class=\"panel-grid-cell panel-grid-cell-empty\" ><\/div><\/div><\/div>","protected":false},"excerpt":{"rendered":"<p>Nous cr\u00e9ons de nouveaux espaces de vie Nous \u00e9liminons la division de votre projet entre diff\u00e9rentes entreprises. Nous sommes une entreprise innovatrice qui offre pour vous des services de conception et de construction, de l&#8217;\u00e9tape de fondation initiale \u00e0 l&#8217;\u00e9chantillon de construction final, ainsi que l&#8217;entretien et la r\u00e9paration de r\u00e9sidences existantes. R\u00c9F\u00c9RENCES<\/p>\n","protected":false},"author":1,"featured_media":0,"parent":0,"menu_order":0,"comment_status":"closed","ping_status":"closed","template":"template-front-page-slider.php","meta":{"footnotes":""},"class_list":["post-213","page","type-page","status-publish","hentry"],"acf":[],"_links":{"self":[{"href":"https:\/\/ameaconstruction.com\/index.php?rest_route=\/wp\/v2\/pages\/213","targetHints":{"allow":["GET"]}}],"collection":[{"href":"https:\/\/ameaconstruction.com\/index.php?rest_route=\/wp\/v2\/pages"}],"about":[{"href":"https:\/\/ameaconstruction.com\/index.php?rest_route=\/wp\/v2\/types\/page"}],"author":[{"embeddable":true,"href":"https:\/\/ameaconstruction.com\/index.php?rest_route=\/wp\/v2\/users\/1"}],"replies":[{"embeddable":true,"href":"https:\/\/ameaconstruction.com\/index.php?rest_route=%2Fwp%2Fv2%2Fcomments&post=213"}],"version-history":[{"count":121,"href":"https:\/\/ameaconstruction.com\/index.php?rest_route=\/wp\/v2\/pages\/213\/revisions"}],"predecessor-version":[{"id":1539,"href":"https:\/\/ameaconstruction.com\/index.php?rest_route=\/wp\/v2\/pages\/213\/revisions\/1539"}],"wp:attachment":[{"href":"https:\/\/ameaconstruction.com\/index.php?rest_route=%2Fwp%2Fv2%2Fmedia&parent=213"}],"curies":[{"name":"wp","href":"https:\/\/api.w.org\/{rel}","templated":true}]}}